{"id":145,"date":"2019-07-12T15:16:26","date_gmt":"2019-07-12T20:16:26","guid":{"rendered":"http:\/\/confiaseguros.com\/?page_id=145"},"modified":"2019-07-12T15:17:35","modified_gmt":"2019-07-12T20:17:35","slug":"ramos-generales","status":"publish","type":"page","link":"http:\/\/confiaseguros.com\/?page_id=145","title":{"rendered":"RAMOS GENERALES"},"content":{"rendered":"<p>Proveemos las mejores tasas y condiciones contractuales de la mano con las aseguradoras que m\u00e1s destacan en servicio y fortaleza financiera en los ramos de Incendio residencial y comercial, robo, fianzas, contenido residencial, comercial, CAR (Todo riesgo de construcci\u00f3n), todo riesgo montaje, equipos electr\u00f3nicos y todos aquellos riesgos que nuestros clientes puedan requerir luego de un adecuado an\u00e1lisis de necesidades y niveles de exposici\u00f3n.<\/p>\n","protected":false},"excerpt":{"rendered":"<p>Proveemos las mejores tasas y condiciones contractuales de la mano con las aseguradoras que m\u00e1s destacan en servicio y fortaleza financiera en los ramos de Incendio residencial y comercial, robo, fianzas, contenido residencial, comercial, CAR (Todo riesgo de construcci\u00f3n), todo riesgo montaje, equipos electr\u00f3nicos y todos aquellos riesgos que nuestros clientes puedan requerir luego de<\/p>\n<a class=\"btn_a\" href=\"http:\/\/confiaseguros.com\/?page_id=145\"><span><i class=\"in_left fa fa-angle-right\"><\/i><span>Details<\/span><i class=\"in_right fa fa-angle-right\"><\/i><\/span><\/a>","protected":false},"author":1,"featured_media":0,"parent":0,"menu_order":3,"comment_status":"closed","ping_status":"closed","template":"page-fullwidth.php","meta":{"footnotes":""},"class_list":["post-145","page","type-page","status-publish","hentry"],"_links":{"self":[{"href":"http:\/\/confiaseguros.com\/index.php?rest_route=\/wp\/v2\/pages\/145","targetHints":{"allow":["GET"]}}],"collection":[{"href":"http:\/\/confiaseguros.com\/index.php?rest_route=\/wp\/v2\/pages"}],"about":[{"href":"http:\/\/confiaseguros.com\/index.php?rest_route=\/wp\/v2\/types\/page"}],"author":[{"embeddable":true,"href":"http:\/\/confiaseguros.com\/index.php?rest_route=\/wp\/v2\/users\/1"}],"replies":[{"embeddable":true,"href":"http:\/\/confiaseguros.com\/index.php?rest_route=%2Fwp%2Fv2%2Fcomments&post=145"}],"version-history":[{"count":1,"href":"http:\/\/confiaseguros.com\/index.php?rest_route=\/wp\/v2\/pages\/145\/revisions"}],"predecessor-version":[{"id":146,"href":"http:\/\/confiaseguros.com\/index.php?rest_route=\/wp\/v2\/pages\/145\/revisions\/146"}],"wp:attachment":[{"href":"http:\/\/confiaseguros.com\/index.php?rest_route=%2Fwp%2Fv2%2Fmedia&parent=145"}],"curies":[{"name":"wp","href":"https:\/\/api.w.org\/{rel}","templated":true}]}}