{"id":143,"date":"2019-07-12T15:14:22","date_gmt":"2019-07-12T20:14:22","guid":{"rendered":"http:\/\/confiaseguros.com\/?page_id=143"},"modified":"2019-07-12T15:18:48","modified_gmt":"2019-07-12T20:18:48","slug":"gastos-medicos","status":"publish","type":"page","link":"http:\/\/confiaseguros.com\/?page_id=143","title":{"rendered":"GASTOS MEDICOS"},"content":{"rendered":"<p>Conocemos la importancia de poder tener acceso a los mejores especialistas, hospitales y proveedores m\u00e9dicos de Panam\u00e1 y el Mundo, nos mantenemos actualizados sobre las mejores coberturas de la mano con las mejores aseguradoras, por medio de las cuales ofrecemos soluciones de sumas anual renovables, deducibles y niveles de inversi\u00f3n adaptados a la realidad de cada asegurado. Con nosotros recibir\u00e1 asesor\u00eda y un manejo eficiente, profesional y personalizado con cada reclamo que presente. Somos expertos en programas individuales locales e internacionales en planes colectivos y escolares.<\/p>\n","protected":false},"excerpt":{"rendered":"<p>Conocemos la importancia de poder tener acceso a los mejores especialistas, hospitales y proveedores m\u00e9dicos de Panam\u00e1 y el Mundo, nos mantenemos actualizados sobre las mejores coberturas de la mano con las mejores aseguradoras, por medio de las cuales ofrecemos soluciones de sumas anual renovables, deducibles y niveles de inversi\u00f3n adaptados a la realidad de<\/p>\n<a class=\"btn_a\" href=\"http:\/\/confiaseguros.com\/?page_id=143\"><span><i class=\"in_left fa fa-angle-right\"><\/i><span>Details<\/span><i class=\"in_right fa fa-angle-right\"><\/i><\/span><\/a>","protected":false},"author":1,"featured_media":0,"parent":0,"menu_order":1,"comment_status":"closed","ping_status":"closed","template":"page-fullwidth.php","meta":{"footnotes":""},"class_list":["post-143","page","type-page","status-publish","hentry"],"_links":{"self":[{"href":"http:\/\/confiaseguros.com\/index.php?rest_route=\/wp\/v2\/pages\/143","targetHints":{"allow":["GET"]}}],"collection":[{"href":"http:\/\/confiaseguros.com\/index.php?rest_route=\/wp\/v2\/pages"}],"about":[{"href":"http:\/\/confiaseguros.com\/index.php?rest_route=\/wp\/v2\/types\/page"}],"author":[{"embeddable":true,"href":"http:\/\/confiaseguros.com\/index.php?rest_route=\/wp\/v2\/users\/1"}],"replies":[{"embeddable":true,"href":"http:\/\/confiaseguros.com\/index.php?rest_route=%2Fwp%2Fv2%2Fcomments&post=143"}],"version-history":[{"count":1,"href":"http:\/\/confiaseguros.com\/index.php?rest_route=\/wp\/v2\/pages\/143\/revisions"}],"predecessor-version":[{"id":144,"href":"http:\/\/confiaseguros.com\/index.php?rest_route=\/wp\/v2\/pages\/143\/revisions\/144"}],"wp:attachment":[{"href":"http:\/\/confiaseguros.com\/index.php?rest_route=%2Fwp%2Fv2%2Fmedia&parent=143"}],"curies":[{"name":"wp","href":"https:\/\/api.w.org\/{rel}","templated":true}]}}